{"id":7728,"date":"2024-02-27T22:39:07","date_gmt":"2024-02-27T22:39:07","guid":{"rendered":"https:\/\/abitat.com.mx\/2022\/?page_id=7728"},"modified":"2026-01-30T10:37:46","modified_gmt":"2026-01-30T16:37:46","slug":"iso","status":"publish","type":"page","link":"https:\/\/abitat.com.mx\/2022\/iso\/","title":{"rendered":"ISO 9001:2015 \/  ISO 14001"},"content":{"rendered":"<p>[vc_row][vc_column][vc_column_text css_animation=&#8221;none&#8221;]En congruencia con nuestro enfoque al cliente, ABITAT cuenta con un sistema de gesti\u00f3n de la calidad basado en la norma ISO 9001 que cubre el siguiente alcance:<\/p>\n<p>Comercializaci\u00f3n y ejecuci\u00f3n de soluciones de dise\u00f1o y gesti\u00f3n de proyectos de construcci\u00f3n e incluye los siguientes procesos:<\/p>\n<ul>\n<li>Desarrollo de negocios<\/li>\n<li>Dise\u00f1o a contrataci\u00f3n<\/li>\n<li>Construcci\u00f3n a entrega<\/li>\n<li>Cadena de suministro<\/li>\n<li>Servicios compartidos<\/li>\n<li>Alta direcci\u00f3n<\/li>\n<\/ul>\n<p>&nbsp;<\/p>\n<p><strong>Pol\u00edtica de Calidad<\/strong><\/p>\n<p>En Abitat Construction Solutions, estamos comprometidos con entregar servicios de construcci\u00f3n excepcionales que satisfagan las necesidades y expectativas t\u00e9cnicas, de programa y presupuesto de nuestros clientes mediante el compromiso absoluto con la mejora continua. Nuestra visi\u00f3n es convertirnos en el contratista general mejor operado de M\u00e9xico y creemos que la calidad es fundamental para lograr este objetivo.<\/p>\n<p>&nbsp;<\/p>\n<p>&nbsp;<\/p>\n<p><img loading=\"lazy\" decoding=\"async\" class=\"wp-image-7943 aligncenter\" src=\"https:\/\/abitat.com.mx\/2022\/wp-content\/uploads\/2024\/05\/certifica24-300x200.jpg\" alt=\"\" width=\"131\" height=\"87\" srcset=\"https:\/\/abitat.com.mx\/2022\/wp-content\/uploads\/2024\/05\/certifica24-300x200.jpg 300w, https:\/\/abitat.com.mx\/2022\/wp-content\/uploads\/2024\/05\/certifica24.jpg 354w\" sizes=\"auto, (max-width: 131px) 100vw, 131px\" \/>[\/vc_column_text][\/vc_column][\/vc_row][vc_row][vc_column][vc_gallery interval=&#8221;3&#8243; images=&#8221;8287,8288,8289&#8243;][\/vc_column][\/vc_row][vc_row][vc_column][vc_gallery interval=&#8221;3&#8243; images=&#8221;8291,8292,8293&#8243;][\/vc_column][\/vc_row][vc_row][vc_column width=&#8221;1\/2&#8243;][vc_single_image image=&#8221;8302&#8243; img_size=&#8221;full&#8221;][\/vc_column][vc_column width=&#8221;1\/2&#8243;][vc_single_image image=&#8221;8303&#8243; img_size=&#8221;full&#8221;][\/vc_column][\/vc_row][vc_row][vc_column width=&#8221;1\/2&#8243;][\/vc_column][vc_column][vc_single_image image=&#8221;8314&#8243; img_size=&#8221;medium&#8221; alignment=&#8221;center&#8221;][\/vc_column][\/vc_row][vc_row][vc_column][\/vc_column][\/vc_row]<\/p>\n","protected":false},"excerpt":{"rendered":"<p>[vc_row][vc_column][vc_column_text css_animation=&#8221;none&#8221;]En congruencia con nuestro enfoque al cliente, ABITAT cuenta con un sistema de gesti\u00f3n de la calidad basado en la norma ISO 9001 que cubre el siguiente alcance: Comercializaci\u00f3n&#8230;<\/p>\n","protected":false},"author":5,"featured_media":0,"parent":0,"menu_order":0,"comment_status":"closed","ping_status":"closed","template":"","meta":{"_monsterinsights_skip_tracking":false,"_monsterinsights_sitenote_active":false,"_monsterinsights_sitenote_note":"","_monsterinsights_sitenote_category":0,"footnotes":""},"class_list":["post-7728","page","type-page","status-publish","hentry"],"_links":{"self":[{"href":"https:\/\/abitat.com.mx\/2022\/wp-json\/wp\/v2\/pages\/7728","targetHints":{"allow":["GET"]}}],"collection":[{"href":"https:\/\/abitat.com.mx\/2022\/wp-json\/wp\/v2\/pages"}],"about":[{"href":"https:\/\/abitat.com.mx\/2022\/wp-json\/wp\/v2\/types\/page"}],"author":[{"embeddable":true,"href":"https:\/\/abitat.com.mx\/2022\/wp-json\/wp\/v2\/users\/5"}],"replies":[{"embeddable":true,"href":"https:\/\/abitat.com.mx\/2022\/wp-json\/wp\/v2\/comments?post=7728"}],"version-history":[{"count":32,"href":"https:\/\/abitat.com.mx\/2022\/wp-json\/wp\/v2\/pages\/7728\/revisions"}],"predecessor-version":[{"id":8315,"href":"https:\/\/abitat.com.mx\/2022\/wp-json\/wp\/v2\/pages\/7728\/revisions\/8315"}],"wp:attachment":[{"href":"https:\/\/abitat.com.mx\/2022\/wp-json\/wp\/v2\/media?parent=7728"}],"curies":[{"name":"wp","href":"https:\/\/api.w.org\/{rel}","templated":true}]}}