{"id":7209,"date":"2023-03-02T22:21:18","date_gmt":"2023-03-02T22:21:18","guid":{"rendered":"https:\/\/abitat.com.mx\/2022\/?page_id=7209"},"modified":"2023-03-02T22:21:20","modified_gmt":"2023-03-02T22:21:20","slug":"aviso-de-privacidad","status":"publish","type":"page","link":"https:\/\/abitat.com.mx\/2022\/aviso-de-privacidad\/","title":{"rendered":"Aviso de Privacidad"},"content":{"rendered":"<p style=\"text-align: center;\"><strong>AVISO DE PRIVACIDAD INTEGRAL PARA LA PROTECCI\u00d3N DE DATOS PERSONALES EN POSESI\u00d3N<\/strong><\/p>\n<p style=\"text-align: center;\"><strong>&nbsp;DE LA EMPRESA&nbsp;<\/strong><strong>ARQUITECTURA&nbsp; HABITACIONAL E INDUSTRIAL S.A. DE C.V.<\/strong><\/p>\n<p>&nbsp;<\/p>\n<p><strong>ARQUITECTURA HABITACIONAL E INDUSTRIAL S.A. DE C.V., con domicilio en Av. Universidad 1304 de la colonia Santo Ni\u00f1o de la ciudad de Chihuahua, Chihuahua, C.P. 31320<\/strong><strong>, es el responsable del tratamiento de sus datos personales conforme a la Ley Federal de Protecci\u00f3n de Datos Personales en Posesi\u00f3n de los Particulares y para su mayor confianza y seguridad, protegemos sus datos, haciendo de su conocimiento las siguientes disposiciones:<\/strong><\/p>\n<p><strong>I. DATOS PERSONALES (INFORMACI\u00d3N, RESPONSABLE Y FINALIDAD).<\/strong><\/p>\n<p>Se entiende por \u201cdatos personales\u201d cualquier informaci\u00f3n concerniente a una persona f\u00edsica identificada o identificable y por \u201cdatos personales sensibles\u201d aquellos datos que afecten la esfera m\u00e1s \u00edntima del titular, o cuya uso indebido pueda dar origen a discriminaci\u00f3n o conlleve un riesgo grave para este.<\/p>\n<p>Para efectos de este Aviso de Privacidad, la empresa podr\u00e1 manejar los siguientes datos personales de sus empleados, clientes o proveedores:<\/p>\n<ul>\n<li>Nombre<\/li>\n<li>Domicilio<\/li>\n<li>Tel\u00e9fono<\/li>\n<li>Correo electr\u00f3nico<\/li>\n<li>Estado civil<\/li>\n<li>R.F.C.<\/li>\n<li>Domicilio fiscal.<\/li>\n<li>Referencias bancarias.<\/li>\n<li>Referencias comerciales.<\/li>\n<li>Referencias laborales.<\/li>\n<li>Puestos anteriores.<\/li>\n<li>Puesto en la empresa.<\/li>\n<li>Sueldos anteriores.<\/li>\n<li>Estados financieros.<\/li>\n<li>N\u00famero de afiliaci\u00f3n al IMSS.<\/li>\n<li>N\u00fameros de cuenta bancaria.<\/li>\n<li>Bancos y cuenta clabe.<\/li>\n<li>Cr\u00e9dito Infonavit.<\/li>\n<li>Credencial de elector.<\/li>\n<li>Principales clientes.<\/li>\n<li>Datos acad\u00e9micos.<\/li>\n<li>Datos patrimoniales.<\/li>\n<li>Registro patronal ante el IMSS.<\/li>\n<li>Dependientes econ\u00f3micos.<\/li>\n<\/ul>\n<p><strong>Datos Personales Sensibles:<\/strong> La empresa no maneja este tipo de informaci\u00f3n de conformidad con el art\u00edculo 3 fracci\u00f3n VI de la Ley Federal de Protecci\u00f3n de Datos Personales en Posesi\u00f3n de los Particulares.<\/p>\n<p>Estos datos son recabados y es responsabilidad del personal autorizado de la empresa, que previamente se identificar\u00e1 ante usted para pedir los datos personales que son necesarios para ofrecer el servicio que usted solicita. Por lo tanto, la \u00fanica finalidad de obtener sus datos personales es servir como una herramienta para el buen proveer de la contrataci\u00f3n del servicio que se realiza.<\/p>\n<p>I.I P\u00c1GINA WEB Y\/O CORREO ELECTR\u00d3NICO.<\/p>\n<p>Los datos que el usuario proporcione a ARQUITECTURA HABITACIONAL E INDUSTRIAL &nbsp;S.A. DE C.V., por medio de su p\u00e1gina web o correo electr\u00f3nico constituyen parte de los datos personales sujetos a la protecci\u00f3n de este Aviso de Privacidad, siendo as\u00ed, responsabilidad de la empresa para su buen manejo.<\/p>\n<p>I.II REDES SOCIALES.<\/p>\n<p>La empresa podr\u00e1 hacer uso de las Redes Sociales para publicidad o fines que a su conveniencia considere que beneficie su objeto comercial o publicidad y podr\u00e1n ser Facebook y Twitter, entre otras.<\/p>\n<p>Las redes sociales constituyen una plataforma de comunicaci\u00f3n e interconexi\u00f3n entre plataformas digitales y por lo tanto son ajenas a la empresa de tal manera, el uso que se les d\u00e9 no se encuentra bajo la responsabilidad de esta empresa. Es decir que la informaci\u00f3n proporcionada por este medio, donde la empresa participa como otro usuario, no constituye, ni forma parte de los datos personales sujetos a la protecci\u00f3n de este Aviso de Privacidad, siendo responsabilidad de la empresa prestadora de dicha plataforma y de quien lo publica.<\/p>\n<p>I.III COOKIES Y OTRAS TECNOLOG\u00cdAS.<\/p>\n<p>Las cookies son archivos descargados de forma autom\u00e1tica para ser almacenados en el disco duro del usuario que navega en una p\u00e1gina web, estos permiten al servidor recordar algunos datos del usuario.<\/p>\n<p>Los Web beacons son im\u00e1genes visibles u ocultas dentro de un sitio web que se utiliza para monitorear el comportamiento del usuario en estos medios y mediante los cuales se puede obtener informaci\u00f3n del titular.<\/p>\n<p>Esta empresa podr\u00e1 usar determinados cookies y web beacons \u00fanicamente para obtener informaci\u00f3n para prestar un mejor y m\u00e1s r\u00e1pido servicio virtual, quedando estos datos protegidos por el presente Aviso de Privacidad.<\/p>\n<p>La informaci\u00f3n obtenida mediante estas tecnolog\u00edas no ser\u00e1 sujeto de transferencia a un tercero. Para mayor informaci\u00f3n sobre el uso de estas tecnolog\u00edas, puede consultar el sitio de internet http:\/\/www.abitat.com.mx<\/p>\n<p><strong>II. TRATAMIENTO DE DATOS PERSONALES.<\/strong><\/p>\n<p>El tratamiento de datos personales se refiere a la obtenci\u00f3n, uso, divulgaci\u00f3n o almacenamiento de los datos personales de los usuarios por lo que la empresa se limita al cumplimiento de las finalidades de tratamiento establecidas en este Aviso de Privacidad, sujet\u00e1ndose a lo siguiente:<\/p>\n<ol>\n<li>El tratamiento de los datos ser\u00e1 \u00fanicamente el necesario, adecuado y relevante para la prestaci\u00f3n del servicio requerido y lo previsto en este Aviso de Privacidad.<\/li>\n<li>En caso de pretender tratar los Datos Personales para un fin distinto a los fines previstos en este Aviso de Privacidad, la empresa requerir\u00e1 al titular de los datos su consentimiento.<\/li>\n<\/ol>\n<p>II.I LIMITACIONES DE USO O DIVULGACI\u00d3N DE DATOS PERSONALES.<\/p>\n<p>Con la intenci\u00f3n de proteger los datos y crear una seguridad para sus titulares, la empresa garantiza:<\/p>\n<ol>\n<li><strong>Adecuado manejo de base de datos:<\/strong> solo el personal autorizado tendr\u00e1 acceso a la base de datos sin permitir el uso, consulta, manejo o acceso a otras personas.<\/li>\n<li><strong>Confidencialidad:<\/strong> que subsistir\u00e1 al finalizar la relaci\u00f3n con el titular de los datos personales.<\/li>\n<\/ol>\n<p>Con el objeto de que usted pueda limitar el uso y divulgaci\u00f3n de su informaci\u00f3n personal, le ofrecemos los siguientes medios:<\/p>\n<ul>\n<li>Su inscripci\u00f3n en el Registro P\u00fablico para Evitar Publicidad, que est\u00e1 a cargo de la PROFECO, con la finalidad de que sus datos personales no sean utilizados para recibir publicidad o promociones de empresas de bienes o servicios.<\/li>\n<li>Su registro en el listado de exclusi\u00f3n de la empresa, a fin de que sus datos personales no sean tratados para fines mercadot\u00e9cnicos, publicitarios o de prospecci\u00f3n comercial por nuestra parte. Para mayor informaci\u00f3n llamar al n\u00famero 01-614-442-0500 o enviar un correo electr\u00f3nico a la siguiente direcci\u00f3n: omadrigal@abitat.com.mx, solicitando su inclusi\u00f3n en la lista.<\/li>\n<\/ul>\n<p><strong>III. FINALIDADES.<\/strong><\/p>\n<p>Las \u00fanicas finalidades que persigue esta empresa al recabar sus datos personales son servirle eficientemente y con calidad, adem\u00e1s de poder determinar la viabilidad de su participaci\u00f3n en la asignaci\u00f3n de los trabajos requeridos por la empresa.<\/p>\n<p>Es necesario contar con los datos enunciados en el apartado \u201cI\u201d de este Aviso de Privacidad para el debido reclutamiento y selecci\u00f3n del personal, para la integraci\u00f3n de su expediente laboral; as\u00ed mismo para otorgar un servicio completo y de calidad ajustado a las necesidades de la empresa, para el correcto desarrollo de la relaci\u00f3n comercial hacia los clientes, contar con los datos requeridos para la buena administraci\u00f3n interna, ofrecimiento de productos y servicios, as\u00ed como el otorgamiento de cr\u00e9ditos; y hacia los proveedores, con el objeto de verificar su confiabilidad, cumplir con las obligaciones de ambas partes, conocer sus productos y mantener un buen contacto y comunicaci\u00f3n.<\/p>\n<p>Si usted no considera indispensable el tratamiento de alguno de los datos personales que manejamos, con relaci\u00f3n a las finalidades que no son necesarias para la relaci\u00f3n jur\u00eddica entre usted y la empresa, desde este momento puede expresar su negativa solicitando a nuestro personal el formato prestablecido para tal efecto, haciendo de su conocimiento que cuenta con 5 d\u00edas h\u00e1biles para manifestar su inconformidad y que en caso de no hacerlo consentir\u00e1 su tratamiento.<\/p>\n<p><strong>&nbsp;IV. <\/strong><strong>CONSENTIMIENTO.<\/strong><\/p>\n<p>Se entiende como consentimiento para efectos de este Aviso de Privacidad, la manifestaci\u00f3n de voluntad del titular de datos mediante la cual se efect\u00faa el tratamiento de sus datos personales.<\/p>\n<p>IV.I CONSENTIMIENTO RETROACTIVO<\/p>\n<p>Para todos aquellos usuarios que otorgaron datos personales previamente a la implementaci\u00f3n de este Aviso de Privacidad, se entender\u00e1 por otorgado su consentimiento, por lo cual la empresa protege y puede realizar el tratamiento de sus datos, teniendo de esta manera el titular de datos, los mismos derechos que aquel usuario que ingrese sus datos con un consentimiento t\u00e1cito o expreso a la implementaci\u00f3n de este Aviso.<\/p>\n<p>IV.II&nbsp; REVOCACI\u00d3N DEL CONSENTIMIENTO<\/p>\n<p>Usted puede revocar el consentimiento que, en su caso, nos haya otorgado para el tratamiento de sus datos personales. Sin embargo, es importante que tenga en cuenta que no en todos los casos podremos atender su solicitud o concluir el uso de forma inmediata, ya que es posible que por alguna obligaci\u00f3n legal requiramos seguir tratando sus datos personales. Asimismo, usted deber\u00e1 considerar que para ciertos fines, la revocaci\u00f3n de su consentimiento implicar\u00e1 que no le podamos seguir prestando el servicio que nos solicit\u00f3, o la conclusi\u00f3n de su relaci\u00f3n con nosotros.<\/p>\n<p>Para revocar su consentimiento deber\u00e1 presentar su solicitud al correo electr\u00f3nico: omadrigal@abitat.com.mx, para conocer el procedimiento y requisitos para la revocaci\u00f3n del consentimiento, usted podr\u00e1 llamar al siguiente n\u00famero telef\u00f3nico 01-614-4-420500 o bien, ponerse en contacto con nuestro Departamento de Privacidad. Los datos de contacto del Departamento de Privacidad son los siguientes:<\/p>\n<p>Domicilio: Av. Universidad, 1304 de la colonia Santo Ni\u00f1o de la ciudad de Chihuahua, Chihuahua, C.P. 31320.<\/p>\n<p>Tel\u00e9fono: 01 (614) 442-0500<\/p>\n<p>Correo electr\u00f3nico: omadrigal@abitat.com.mx<\/p>\n<p><strong>V. DERECHOS A.R.C.O. Y SU EJERCICIO. <\/strong><\/p>\n<p>Como titular de datos personales tiene derecho al Acceso, Rectificaci\u00f3n, Cancelaci\u00f3n u Oposici\u00f3n de sus datos. Para hacer valer tales derechos deber\u00e1 presentar una solicitud para iniciar el proceso requerido ante la responsable directamente, o bien, en alguna de sus sucursales con la siguiente informaci\u00f3n:<\/p>\n<ol>\n<li>Identificaci\u00f3n del titular solicitante: nombre completo, domicilio, tel\u00e9fono y correo electr\u00f3nico.<\/li>\n<li>Copia del documento oficial que acredite la identidad del titular, previo cotejo con original.<\/li>\n<li>Derecho que se ejerce: acceso, rectificaci\u00f3n, cancelaci\u00f3n u oposici\u00f3n.<\/li>\n<li>Descripci\u00f3n clara y precisa de los datos personales sobre los cuales se desea ejercer alguno de los derechos.<\/li>\n<li>Indicar las modificaciones deseadas.<\/li>\n<li>Aportar la documentaci\u00f3n adicional que se requiera.<\/li>\n<\/ol>\n<p>Para conocer el procedimiento y los requisitos para el ejercicio de los derechos A.R.C.O., usted podr\u00e1 llamar al siguiente n\u00famero telef\u00f3nico 01-614-442-0500, o bien, ponerse en contacto con nuestro Departamento de Privacidad, que dar\u00e1 tr\u00e1mite a las solicitudes para el ejercicio de estos derechos, y atender\u00e1 cualquier duda que pudiera tener respecto al tratamiento de su informaci\u00f3n.<\/p>\n<p>Los datos de contacto del Departamento de Privacidad son los siguientes:<\/p>\n<p>Domicilio: Av. Universidad 1304 de la colonia Santo Ni\u00f1o de la ciudad de Chihuahua, Chihuahua, C.P. 31320.<\/p>\n<p>Tel\u00e9fono: 01 (614) 442-0500<\/p>\n<p>Correo electr\u00f3nico: omadrigal@abitat.com.mx<\/p>\n<p>V.I EFECTOS DE LA CANCELACI\u00d3N.<\/p>\n<p>El titular de los datos tiene derecho en cualquier momento a oponerse al tratamiento de sus datos por lo cual el responsable no podr\u00e1 tratarlos. El efecto de la cancelaci\u00f3n tiene como resultado un periodo de tiempo de bloqueo necesario para la prescripci\u00f3n de las acciones derivadas de la relaci\u00f3n jur\u00eddica que funda el tratamiento de dichos datos.<\/p>\n<p>&nbsp;<\/p>\n<p>V.II NEGATIVA A LOS DERECHOS A.R.C.O.<\/p>\n<p>La empresa se podr\u00e1 negar al acceso total o parcial de los datos personales as\u00ed como a su rectificaci\u00f3n, cancelaci\u00f3n u oposici\u00f3n del tratamiento cuando:<\/p>\n<ol>\n<li>Cuando el solicitante no sea titular o el representante no este acreditado.<\/li>\n<li>Cuando no existan los datos solicitados en la base de datos.<\/li>\n<li>Cuando se lesionen los derechos de un tercero.<\/li>\n<li>Cuando exista impedimento legal o resoluci\u00f3n de una autoridad.<\/li>\n<li>Cuando la rectificaci\u00f3n, cancelaci\u00f3n u oposici\u00f3n haya sido previamente realizada.<\/li>\n<\/ol>\n<p>&nbsp;<\/p>\n<p>V.III OPOSICI\u00d3N DE LA EMPRESA A LA CANCELACI\u00d3N DE DATOS.<\/p>\n<p>La Ley Federal de Protecci\u00f3n de Datos Personales en Posesi\u00f3n de los particulares&nbsp; faculta a la empresa para oponerse a la cancelaci\u00f3n que el titular requiera cuando:<\/p>\n<ol>\n<li>Se refiera a las partes de un contrato privado, social o administrativo y sean necesarios para su desarrollo y cumplimiento.<\/li>\n<li>Deban ser tratados por disposici\u00f3n legal.<\/li>\n<li>Obstaculice actuaciones judiciales o administrativas vinculadas a obligaciones fiscales, la investigaci\u00f3n y persecuci\u00f3n de delitos o actualizaci\u00f3n de sanciones administrativas.<\/li>\n<li>Sean necesarios para proteger los intereses jur\u00eddicamente tutelados del titular.<\/li>\n<li>Sean necesarios para realizar una acci\u00f3n en funci\u00f3n del inter\u00e9s p\u00fablico.<\/li>\n<li>Sean necesarios para cumplir con una obligaci\u00f3n legalmente adquirida por el titular.<\/li>\n<li>Sean objeto de tratamiento para la prevenci\u00f3n o para el diagn\u00f3stico m\u00e9dico o la gesti\u00f3n de servicios de salud, siempre que dicho tratamiento se realice por un profesional de la salud sujeto a un deber de secreto.<\/li>\n<\/ol>\n<p>&nbsp;<\/p>\n<p><strong>VI. TRANSFERENCIA DE DATOS.<\/strong><\/p>\n<p><strong>&nbsp;<\/strong>Se entiende por transferencia de datos toda comunicaci\u00f3n de datos personales realizada a persona distinta del responsable o encargado del tratamiento.<\/p>\n<p>La empresa no realiza procesos de transferencia de datos.<\/p>\n<p><strong>VII. CAMBIOS EN EL AVISO DE PRIVACIDAD.<\/strong><\/p>\n<p>La empresa se reserva el derecho de efectuar, en cualquier momento las modificaciones o actualizaciones pertinentes para cumplir con disposiciones legales, pol\u00edticas internas, nuevos requerimientos para la prestaci\u00f3n del servicio o contrataci\u00f3n necesaria.<\/p>\n<p>El medio de notificaci\u00f3n por el cual la empresa podr\u00e1 comunicar los cambios en&nbsp; el Aviso de Privacidad ser\u00e1n los id\u00f3neos que considere en el momento, como podr\u00edan ser llamadas telef\u00f3nicas, correos electr\u00f3nicos, publicaciones en p\u00e1gina web o anuncio en las instalaciones f\u00edsicas de la empresa.<\/p>\n<p>Despu\u00e9s del conocimiento de los cambios, los titulares no conformes, podr\u00e1 hacer uso de los derechos A.R.C.O. bajo el procedimiento establecido.<\/p>\n<p><strong>VIII. CONSIDERACIONES FINALES<\/strong><\/p>\n<p><strong>&nbsp;<\/strong>El contenido del presente Aviso de Privacidad es de car\u00e1cter informativo por lo cual para ejercer los Derechos A.R.C.O. deber\u00e1 atender al proceso de ejercicio de tales derechos establecido en el presente aviso y de manera complementaria en el Manual para el Ejercicio de Derechos A.R.C.O. disponible en el Departamento de Privacidad. En caso de tener alguna consulta o comentario sobre estas pol\u00edticas de privacidad, estamos a su entera disposici\u00f3n en la direcci\u00f3n de correo electr\u00f3nico: omadrigal@abitat.com.mx, que corresponde a la oficina responsable de la privacidad de datos de los usuarios, ubicada en&nbsp; calle Av. Universidad &nbsp;1304 de la colonia Santo Ni\u00f1o de la ciudad de Chihuahua, Chihuahua, C.P. 31320.<\/p>\n<p>Fecha de \u00faltima modificaci\u00f3n: 12 de Noviembre de 2013.<\/p>\n","protected":false},"excerpt":{"rendered":"<p>AVISO DE PRIVACIDAD INTEGRAL PARA LA PROTECCI\u00d3N DE DATOS PERSONALES EN POSESI\u00d3N &nbsp;DE LA EMPRESA&nbsp;ARQUITECTURA&nbsp; HABITACIONAL E INDUSTRIAL S.A. DE C.V. &nbsp; ARQUITECTURA HABITACIONAL E INDUSTRIAL S.A. DE C.V., con&#8230;<\/p>\n","protected":false},"author":3,"featured_media":0,"parent":0,"menu_order":0,"comment_status":"closed","ping_status":"closed","template":"","meta":{"_monsterinsights_skip_tracking":false,"_monsterinsights_sitenote_active":false,"_monsterinsights_sitenote_note":"","_monsterinsights_sitenote_category":0,"footnotes":""},"class_list":["post-7209","page","type-page","status-publish","hentry"],"_links":{"self":[{"href":"https:\/\/abitat.com.mx\/2022\/wp-json\/wp\/v2\/pages\/7209","targetHints":{"allow":["GET"]}}],"collection":[{"href":"https:\/\/abitat.com.mx\/2022\/wp-json\/wp\/v2\/pages"}],"about":[{"href":"https:\/\/abitat.com.mx\/2022\/wp-json\/wp\/v2\/types\/page"}],"author":[{"embeddable":true,"href":"https:\/\/abitat.com.mx\/2022\/wp-json\/wp\/v2\/users\/3"}],"replies":[{"embeddable":true,"href":"https:\/\/abitat.com.mx\/2022\/wp-json\/wp\/v2\/comments?post=7209"}],"version-history":[{"count":2,"href":"https:\/\/abitat.com.mx\/2022\/wp-json\/wp\/v2\/pages\/7209\/revisions"}],"predecessor-version":[{"id":7211,"href":"https:\/\/abitat.com.mx\/2022\/wp-json\/wp\/v2\/pages\/7209\/revisions\/7211"}],"wp:attachment":[{"href":"https:\/\/abitat.com.mx\/2022\/wp-json\/wp\/v2\/media?parent=7209"}],"curies":[{"name":"wp","href":"https:\/\/api.w.org\/{rel}","templated":true}]}}