{"id":6139,"date":"2022-02-17T22:19:35","date_gmt":"2022-02-17T22:19:35","guid":{"rendered":"https:\/\/abitat.com.mx\/2022\/?page_id=6139"},"modified":"2022-02-17T22:28:39","modified_gmt":"2022-02-17T22:28:39","slug":"prueba","status":"publish","type":"page","link":"https:\/\/abitat.com.mx\/2022\/prueba\/","title":{"rendered":"Prueba"},"content":{"rendered":"<p>[vc_row full_width=&#8221;stretch_row&#8221; css=&#8221;.vc_custom_1642013588747{padding-top: 30px !important;padding-bottom: 30px !important;background: #aa202d url(https:\/\/abitat.com.mx\/2022\/wp-content\/uploads\/2021\/10\/pixel-grid.png?id=2986) !important;}&#8221;][vc_column css_animation=&#8221;fadeInUp&#8221; css=&#8221;.vc_custom_1642011027287{background-position: 0 0 !important;background-repeat: repeat !important;}&#8221;][vc_column_text el_class=&#8221;textwhite&#8221;]<\/p>\n<h1 style=\"text-align: center;\"><span style=\"color: #ffffff;\">Conoce nuestra esencia<\/span><\/h1>\n<p style=\"text-align: center;\">Construir un proyecto para el crecimiento de tu negocio es un gran paso que debes hacer acompa\u00f1ado de un experto que te oriente, proponga y tenga la experiencia para ejecutar una obra funcional acorde a tus necesidades.<\/p>\n<p>[\/vc_column_text]<div class=\"mgt-button-wrapper mgt-button-wrapper-align-center mgt-button-wrapper-display-newline mgt-button-top-margin-disable\"><a class=\"btn hvr-bounce-to-right mgt-button mgt-style-borderedwhite mgt-size-normal mgt-align-center mgt-display-newline mgt-text-size-normal mgt-button-icon-position-left mgt-text-transform-none \" href=\"https:\/\/abitat.com.mx\/2022\/historia\/\">Conoce nuestra historia<\/a><\/div>[\/vc_column][\/vc_row][vc_row equal_height=&#8221;yes&#8221; css=&#8221;.vc_custom_1463480619661{margin-bottom: 10px !important;}&#8221;][vc_column css_animation=&#8221;fadeInUp&#8221; css=&#8221;.vc_custom_1639593372056{margin-right: 0px !important;padding-right: 0px !important;}&#8221;][vc_empty_space height=&#8221;50px&#8221;][vc_column_text el_class=&#8221;titulos&#8221;]<\/p>\n<h1 style=\"text-align: center;\"><span style=\"color: #aa202d;\">PROPUESTAS<\/span> <span style=\"color: #aa202d;\">DE<\/span> <span style=\"color: #b7b7b7;\">VALOR<\/span><\/h1>\n<p>[\/vc_column_text][vc_column_text]<\/p>\n<p style=\"text-align: center;\">Nuestro trabajo en Abitat Construction Solutions creando dise\u00f1os arquitect\u00f3nicos y ejecuciones eficientes para su inversi\u00f3n se sustenta en estos 3 pilares:<\/p>\n<p>[\/vc_column_text][vc_row_inner][vc_column_inner el_class=&#8221;colval&#8221; width=&#8221;1\/3&#8243; css=&#8221;.vc_custom_1638563067079{background-image: url(https:\/\/abitat.com.mx\/2022\/wp-content\/uploads\/2021\/10\/pixel-grid.png?id=2986) !important;background-position: 0 0 !important;background-repeat: repeat !important;}&#8221;][vc_empty_space][vc_column_text]<\/p>\n<p style=\"text-align: center;\"><span class=\"numberscol\">1. Dise\u00f1o y construcci\u00f3n de clase mundial<\/span><\/p>\n<p>[\/vc_column_text][vc_column_text]Crear los dise\u00f1os arquitect\u00f3nicos y de ingenier\u00edas de la m\u00e1s alta calidad coordinados con las disciplinas de ejecuci\u00f3n para una conceptualizaci\u00f3n y desarrollo que cumple los requerimientos del proyecto y las expectativas del cliente.[\/vc_column_text][vc_single_image image=&#8221;3054&#8243; img_size=&#8221;full&#8221; alignment=&#8221;center&#8221; el_class=&#8221;imgbord&#8221;][vc_empty_space height=&#8221;301px&#8221;][\/vc_column_inner][vc_column_inner el_class=&#8221;colval&#8221; width=&#8221;1\/3&#8243; css=&#8221;.vc_custom_1638563085174{background-image: url(https:\/\/abitat.com.mx\/2022\/wp-content\/uploads\/2021\/10\/pixel-grid.png?id=2986) !important;background-position: 0 0 !important;background-repeat: repeat !important;}&#8221;][vc_empty_space][vc_column_text]<\/p>\n<p style=\"text-align: center;\"><span class=\"numberscol\">2. Seguridad antes, durante y despu\u00e9s<\/span><\/p>\n<p>[\/vc_column_text][vc_column_text]Entendimiento claro del uso de la edificaci\u00f3n para la creaci\u00f3n de an\u00e1lisis de riesgos para cada fase en la vida del proyecto:<\/p>\n<p>Antes: Considera la seguridad desde la etapa de dise\u00f1o para mitigar posibles riesgos durante la construcci\u00f3n y posterior operaci\u00f3n.<\/p>\n<p>Durante: Inspecci\u00f3n y ejecuci\u00f3n de actividades preventivas para minimizar los riesgos en la construcci\u00f3n.<\/p>\n<p>Despu\u00e9s: Contempla evitar riesgos para el cliente durante la operaci\u00f3n de la edificaci\u00f3n.[\/vc_column_text][vc_single_image image=&#8221;3057&#8243; img_size=&#8221;full&#8221; el_class=&#8221;imgbord&#8221;][\/vc_column_inner][vc_column_inner el_class=&#8221;colval&#8221; width=&#8221;1\/3&#8243; css=&#8221;.vc_custom_1638563101983{background-image: url(https:\/\/abitat.com.mx\/2022\/wp-content\/uploads\/2021\/10\/pixel-grid.png?id=2986) !important;background-position: 0 0 !important;background-repeat: repeat !important;}&#8221;][vc_empty_space][vc_column_text]<\/p>\n<p style=\"text-align: center;\"><span class=\"numberscol\">3. Trato Personalizado<\/span><\/p>\n<p>[\/vc_column_text][vc_empty_space height=&#8221;43px&#8221;][vc_column_text]Enfoque construir relaciones a largo plazo con nuestros clientes, proveedores y contratistas para atender proyectos de distintos tama\u00f1os y complejidades dependiendo de las necesidades.[\/vc_column_text][vc_single_image image=&#8221;3056&#8243; img_size=&#8221;full&#8221; el_class=&#8221;imgbord&#8221;][vc_empty_space height=&#8221;335px&#8221;][\/vc_column_inner][\/vc_row_inner][\/vc_column][\/vc_row][vc_row equal_height=&#8221;yes&#8221; css=&#8221;.vc_custom_1463480619661{margin-bottom: 10px !important;}&#8221;][vc_column css=&#8221;.vc_custom_1459186986556{margin-right: 0px !important;padding-right: 0px !important;}&#8221;][vc_empty_space height=&#8221;50px&#8221;][\/vc_column][\/vc_row][vc_row full_width=&#8221;stretch_row&#8221; equal_height=&#8221;yes&#8221; content_placement=&#8221;middle&#8221; css=&#8221;.vc_custom_1637862696514{margin-right: 0px !important;margin-bottom: 30px !important;margin-left: 0px !important;background-color: #2a2f35 !important;}&#8221;][vc_column css_animation=&#8221;fadeInUp&#8221; width=&#8221;1\/2&#8243; css=&#8221;.vc_custom_1639593383452{margin-right: 0px !important;padding-right: 0px !important;}&#8221;]<div class=\"mgt-promo-block black-text cover-image text-size-normal no-darken mgt-promo-block-75700987093 wpb_content_element\" data-style=\"background-color: #f1f1f1;background-image: url(https:\/\/abitat.com.mx\/2022\/wp-content\/uploads\/2021\/10\/mision.png);background-repeat: repeat;width: 100%; height: 678px;\"><div class=\"mgt-promo-block-content\"><div class=\"mgt-promo-block-content-inside vc_custom_1634150269083\"><\/div><\/div><\/div>[\/vc_column][vc_column css_animation=&#8221;fadeInUp&#8221; width=&#8221;1\/2&#8243; css=&#8221;.vc_custom_1639593391099{margin-left: 0px !important;padding-left: 0px !important;}&#8221;][vc_row_inner css=&#8221;.vc_custom_1463478588533{padding-top: 50px !important;padding-right: 50px !important;padding-bottom: 50px !important;padding-left: 50px !important;background-image: url(http:\/\/placehold.it\/1600&#215;1200\/) !important;background-position: center !important;background-repeat: no-repeat !important;background-size: cover !important;}&#8221;][vc_column_inner]<div class=\"mgt-icon-box wpb_content_element mgt-icon-box-right mgt-icon-fa text-white \"><div class=\"mgt-icon-box-icon hvr-icon-push\"><div class=\"mgt-font-icon\"><i class=\"fa fa-building\"><\/i><\/div><\/div><div class=\"mgt-icon-box-content\"><h5>MISI\u00d3N Y PROP\u00d3SITO<\/h5>Habilitamos soluciones constructivas de valor para nuestros clientes, adquiriendo y desarrollando el mejor talento, as\u00ed como aplicando las mejores pr\u00e1cticas de la industria de la construcci\u00f3n.<\/div><div class=\"clearfix\"><\/div><\/div><div class=\"mgt-icon-box wpb_content_element mgt-icon-box-right mgt-icon-fa text-white \"><div class=\"mgt-icon-box-icon hvr-icon-push\"><div class=\"mgt-font-icon\"><i class=\"fa fa-line-chart\"><\/i><\/div><\/div><div class=\"mgt-icon-box-content\"><h5>VISI\u00d3N<\/h5>Lograr ordenadamente un crecimiento anual sostenido en ventas, rentabilidad y flujos de efectivo, con una administraci\u00f3n prudencial del riesgo financiero, participando en los mercados de construcci\u00f3n industrial, comercial y otros afines, convirti\u00e9ndonos en una empresa reconocida por nuestra seguridad, calidad, innovaci\u00f3n y mejora continua por nuestros clientes, colaboradores, proveedores, contratistas y accionistas.<\/div><div class=\"clearfix\"><\/div><\/div><div class=\"mgt-icon-box wpb_content_element mgt-icon-box-right mgt-icon-fa text-white \"><div class=\"mgt-icon-box-icon hvr-icon-push\"><div class=\"mgt-font-icon\"><i class=\"fa fa-users\"><\/i><\/div><\/div><div class=\"mgt-icon-box-content\"><h5>VISI\u00d3N A LARGO PLAZO<\/h5>Ser la empresa mejor operada en la industria de la construcci\u00f3n privada en M\u00e9xico.<\/div><div class=\"clearfix\"><\/div><\/div>[\/vc_column_inner][\/vc_row_inner][\/vc_column][\/vc_row][vc_row full_width=&#8221;stretch_row&#8221;][vc_column css_animation=&#8221;fadeInUp&#8221;]<div class=\"mgt-header-block clearfix text-left text-black wpb_content_element  mgt-header-block-style-1 mgt-header-texttransform-header \"><h2 class=\"mgt-header-block-title\">VALORES<\/h2><div class=\"mgt-header-line\"><\/div><\/div>[\/vc_column][\/vc_row][vc_row][vc_column css_animation=&#8221;fadeInUp&#8221; width=&#8221;1\/2&#8243;][vc_tta_accordion style=&#8221;modern&#8221; color=&#8221;black&#8221; active_section=&#8221;1&#8243;][vc_tta_section i_icon_fontawesome=&#8221;fas fa-shield-alt&#8221; add_icon=&#8221;true&#8221; title=&#8221;Seguridad&#8221; tab_id=&#8221;1634150730805-bff4d892-075e&#8221;][vc_column_text]Actuar de manera capaz de prevenir y proteger a colaboradores, clientes y contratistas.[\/vc_column_text][\/vc_tta_section][vc_tta_section i_icon_fontawesome=&#8221;fas fa-check&#8221; add_icon=&#8221;true&#8221; title=&#8221;Calidad&#8221; tab_id=&#8221;1634150730833-ffe2cc15-bf84&#8243;][vc_column_text]Aseguramos los m\u00e1s altos est\u00e1ndares de calidad en cada uno de los proyectos a ejecutar.[\/vc_column_text][\/vc_tta_section][vc_tta_section i_icon_fontawesome=&#8221;fas fa-truck&#8221; add_icon=&#8221;true&#8221; title=&#8221;Congruencia&#8221; tab_id=&#8221;1634151261581-b7721788-942c&#8221;][vc_column_text]Conexi\u00f3n compatible entre lo que se manifiesta y acuerda con los que se realiza y entrega.[\/vc_column_text][\/vc_tta_section][vc_tta_section i_icon_fontawesome=&#8221;fas fa-project-diagram&#8221; add_icon=&#8221;true&#8221; title=&#8221;Accountability&#8221; tab_id=&#8221;1634151391408-e3cd98c9-0ff4&#8243;][vc_column_text]Contamos con la responsabilidad de ver y adue\u00f1arnos del cumplimiento efectivo de nuestros proyectos.[\/vc_column_text][\/vc_tta_section][\/vc_tta_accordion][\/vc_column][vc_column css_animation=&#8221;fadeInUp&#8221; width=&#8221;1\/2&#8243;][vc_tta_accordion style=&#8221;modern&#8221; color=&#8221;black&#8221; active_section=&#8221;1&#8243;][vc_tta_section i_icon_fontawesome=&#8221;fas fa-users-cog&#8221; add_icon=&#8221;true&#8221; title=&#8221;Actitud de servicio&#8221; tab_id=&#8221;1634150606437-fb0ef43a-ca73&#8243;][vc_column_text]Estamos orientados a cuidar los intereses y satisfacer las necesidades de nuestros clientes.[\/vc_column_text][\/vc_tta_section][vc_tta_section i_icon_fontawesome=&#8221;fas fa-hands-helping&#8221; add_icon=&#8221;true&#8221; title=&#8221;Colaboraci\u00f3n&#8221; tab_id=&#8221;1634150606473-e3cb08fe-22f2&#8243;][vc_column_text]Unimos activamente esfuerzos de diferentes personas para la realizaci\u00f3n de las actividades y proyectos.[\/vc_column_text][\/vc_tta_section][vc_tta_section i_icon_fontawesome=&#8221;fas fa-clipboard-check&#8221; add_icon=&#8221;true&#8221; title=&#8221;Integridad&#8221; tab_id=&#8221;1634151331703-b19b6b32-4fb6&#8243;][vc_column_text]Actuamos con honestidad y moral en nuestras actividades diarias generando confianza con nuestros clientes y proveedores.[\/vc_column_text][\/vc_tta_section][\/vc_tta_accordion][\/vc_column][\/vc_row][vc_row equal_height=&#8221;yes&#8221; css=&#8221;.vc_custom_1463480619661{margin-bottom: 10px !important;}&#8221;][vc_column css=&#8221;.vc_custom_1459186986556{margin-right: 0px !important;padding-right: 0px !important;}&#8221;][vc_empty_space height=&#8221;50px&#8221;][\/vc_column][\/vc_row][vc_row full_width=&#8221;stretch_row&#8221; disable_element=&#8221;yes&#8221; el_class=&#8221;fildes&#8221;][vc_column width=&#8221;2\/3&#8243;]<div class=\"mgt-header-block clearfix text-left text-black wpb_content_element  mgt-header-block-style-1 mgt-header-texttransform-header \"><h2 class=\"mgt-header-block-title\">Mensaje del Director<\/h2><div class=\"mgt-header-line\"><\/div><\/div>[vc_column_text]<\/p>\n<p style=\"text-align: justify;\">A lo largo de los \u00faltimos 30 a\u00f1os, en Abitat hemos crecido y perfeccionado cada uno de nuestros procesos lo que nos ha llevado a tener una presencia consolidada en todo el pa\u00eds. En este tiempo hemos cumplido cada una de las metas que nos hemos propuesto y hemos trabajado para siempre ofrecer un servicio de clase mundial brindando valor agregado a cada uno de nuestros proyectos.<\/p>\n<p style=\"text-align: justify;\">Nuestra visi\u00f3n y el impulso de nuestra empresa es ser la empresa en la industria de la construcci\u00f3n mejor operada de M\u00e9xico y todas nuestras acciones van encaminadas para serlo. Creemos en el trabajo en equipo, en optimizar los recursos y en crear relaciones a largo plazo con nuestros colaboradores, proveedores y clientes.<\/p>\n<p style=\"text-align: justify;\">Tenemos un compromiso con la seguridad, buscamos cero accidentes en cada uno de nuestros proyectos. Para lograrlo contamos con un programa permanente de capacitaci\u00f3n y supervisi\u00f3n que incluye medidas y controles que aseguran que cada uno de nuestros trabajadores regrese a casa con su familia.<\/p>\n<p style=\"text-align: justify;\">Como Director, me enorgullece nuestro comprometido equipo de trabajo que demuestra d\u00eda con d\u00eda que con preparaci\u00f3n y determinaci\u00f3n se pueden superar los m\u00e1s grandes retos.<\/p>\n<p>[\/vc_column_text][\/vc_column][vc_column width=&#8221;1\/3&#8243;][vc_single_image image=&#8221;3376&#8243; img_size=&#8221;large&#8221; alignment=&#8221;right&#8221; css=&#8221;.vc_custom_1636488337836{margin-top: 40px !important;margin-right: 40px !important;margin-left: 40px !important;}&#8221;][\/vc_column][\/vc_row][vc_row full_width=&#8221;stretch_row&#8221;][vc_column css_animation=&#8221;fadeInUp&#8221;]<div class=\"mgt-header-block clearfix text-center text-black wpb_content_element  mgt-header-block-style-1 mgt-header-texttransform-header \"><h2 class=\"mgt-header-block-title\">Experiencia en M\u00e9xico<\/h2><div class=\"mgt-header-line\"><\/div><\/div>[vc_empty_space][\/vc_column][\/vc_row][vc_row full_width=&#8221;stretch_row&#8221;][vc_column css_animation=&#8221;fadeInUp&#8221; width=&#8221;2\/3&#8243; css=&#8221;.vc_custom_1639593427466{margin-top: 50px !important;}&#8221;][vc_single_image image=&#8221;5412&#8243; img_size=&#8221;1536&#215;1063&#8243;]<div class=\"mgt-icon-box wpb_content_element wpb_animate_when_almost_visible wpb_left-to-right mgt-icon-box-right mgt-icon-fa text-black \"><div class=\"mgt-icon-box-icon hvr-icon-push\"><div class=\"mgt-font-icon\"><i class=\"fa fa-map-marker-alt\"><\/i><\/div><\/div><div class=\"mgt-icon-box-content\"><h5>Representantes<\/h5><\/p>\n<ul>\n<li>Monterrey<\/li>\n<li>Quer\u00e9taro<\/li>\n<li>Le\u00f3n<\/li>\n<li>Ciudad de M\u00e9xico<\/li>\n<\/ul>\n<p><\/div><div class=\"clearfix\"><\/div><\/div><div class=\"mgt-button-wrapper mgt-button-wrapper-align-center mgt-button-wrapper-display-newline mgt-button-top-margin-disable\"><a class=\"btn hvr-bounce-to-right mgt-button mgt-style-solid mgt-size-normal mgt-align-center mgt-display-newline mgt-text-size-normal mgt-button-icon-position-left mgt-text-transform-none \" href=\"https:\/\/abitat.com.mx\/2022\/experiencia\/\">Proyectos Construidos<\/a><\/div>[vc_empty_space height=&#8221;40px&#8221;][\/vc_column][vc_column css_animation=&#8221;fadeInUp&#8221; width=&#8221;1\/3&#8243;]<div class=\"mgt-icon-box wpb_content_element wpb_animate_when_almost_visible wpb_left-to-right mgt-icon-box-right mgt-icon-fa text-black \"><div class=\"mgt-icon-box-icon hvr-icon-push\"><div class=\"mgt-font-icon\"><i class=\"fa fa-map\"><\/i><\/div><\/div><div class=\"mgt-icon-box-content\"><h5>Presencia Nacional<\/h5><\/p>\n<ul>\n<li>Aguascalientes<\/li>\n<li>Baja California<\/li>\n<li>Chiapas<\/li>\n<li>Chihuahua<\/li>\n<li>Ciudad de M\u00e9xico<\/li>\n<li>Coahuila<\/li>\n<li>Estado de M\u00e9xico<\/li>\n<li>Guanajuato<\/li>\n<li>Guerrero<\/li>\n<li>Jalisco<\/li>\n<li>Nayarit<\/li>\n<li>Nuevo Le\u00f3n<\/li>\n<li>Puebla<\/li>\n<li>Quer\u00e9taro<\/li>\n<li>Quintana Roo<\/li>\n<li>San Luis Potos\u00ed<\/li>\n<li>Sinaloa<\/li>\n<li>Sonora<\/li>\n<li>Tamaulipas<\/li>\n<li>Tlaxcala<\/li>\n<li>Zacatecas<\/li>\n<\/ul>\n<p><\/div><div class=\"clearfix\"><\/div><\/div>[\/vc_column][\/vc_row][vc_row][vc_column css_animation=&#8221;fadeInUp&#8221;]<div class=\"mgt-header-block clearfix text-center text-black wpb_content_element  mgt-header-block-style-1 mgt-header-texttransform-header \"><h2 class=\"mgt-header-block-title\">Comentarios de clientes<\/h2><div class=\"mgt-header-line\"><\/div><\/div>[vc_empty_space height=&#8221;50px&#8221;][\/vc_column][\/vc_row][vc_row full_width=&#8221;stretch_row_content_no_spaces&#8221;][vc_column css_animation=&#8221;fadeInUp&#8221;]<div class=\"mgt-cta-block clearfix parallax white-text without-text wpb_content_element\" data-style=\"background-color: #eeeeee;\"><div class=\"mgt-button-wrapper mgt-button-wrapper-align-right mgt-button-wrapper-display-newline mgt-button-top-margin-disable\"><a class=\"btn hvr-default mgt-button mgt-style-borderedwhite mgt-size-normal mgt-align-right mgt-display-newline mgt-text-size-normal mgt-button-icon-position-left mgt-text-transform-none \" href=\"#\">Descargar brochure<\/a><\/div><h5 class=\"mgt-cta-block-header\">Descarga nuestro brochure<\/h5><\/div>[\/vc_column][\/vc_row][vc_row][vc_column css_animation=&#8221;fadeInUp&#8221;][vc_empty_space height=&#8221;50px&#8221;]<div class=\"mgt-header-block clearfix text-center text-black wpb_content_element  mgt-header-block-style-1 mgt-header-texttransform-header \"><h2 class=\"mgt-header-block-title\">Membres\u00edas<\/h2><p class=\"mgt-header-block-subtitle\">Contamos con membres\u00edas en distintas asociaciones y comit\u00e9s:<\/p><div class=\"mgt-header-line\"><\/div><\/div>[vc_row_inner][vc_column_inner width=&#8221;1\/3&#8243;][vc_column_text]<\/p>\n<p style=\"text-align: center;\"><a href=\"https:\/\/lcimexico.org\/\">Lean Construction Institute<\/a><\/p>\n<p>[\/vc_column_text][\/vc_column_inner][vc_column_inner width=&#8221;1\/3&#8243;][vc_column_text]<\/p>\n<p style=\"text-align: center;\"><a href=\"https:\/\/mexiko.ahk.de\/es\/\">C\u00e1mara Mexicano-Alemana de Comercio y CulturaLean Construction Institute<\/a><\/p>\n<p>[\/vc_column_text][\/vc_column_inner][vc_column_inner width=&#8221;1\/3&#8243;][vc_column_text]<\/p>\n<p style=\"text-align: center;\"><a href=\"#\">Centro Empresarial de Chihuahua<\/a><\/p>\n<p>[\/vc_column_text][\/vc_column_inner][\/vc_row_inner][vc_row_inner][vc_column_inner width=&#8221;1\/3&#8243;][vc_column_text]<\/p>\n<p style=\"text-align: center;\"><a href=\"http:\/\/desec.org.mx\/\">Desarrollo Econ\u00f3mico Del Estado de Chihuahua, A. C.<\/a><\/p>\n<p>[\/vc_column_text][\/vc_column_inner][vc_column_inner width=&#8221;1\/3&#8243;][vc_column_text]<\/p>\n<p style=\"text-align: center;\"><a href=\"https:\/\/www.amraci.org\/\">Asociaci\u00f3n Mexicana De Rociadores autom\u00e1ticos Contra Incendios, A.C.<\/a><\/p>\n<p>[\/vc_column_text][\/vc_column_inner][vc_column_inner width=&#8221;1\/3&#8243;][vc_column_text]<\/p>\n<p style=\"text-align: center;\"><a href=\"http:\/\/desec.org.mx\/de-la-construccion\/\">ACC Cl\u00faster de la Construcci\u00f3n Chihuahua<\/a><\/p>\n<p>[\/vc_column_text][\/vc_column_inner][\/vc_row_inner][vc_row_inner][vc_column_inner width=&#8221;1\/3&#8243;][vc_column_text]<\/p>\n<p style=\"text-align: center;\"><a href=\"https:\/\/chinachambermexico.org\/\">C\u00e1mara De Comercio Y Tecnolog\u00eda M\u00e9xico China A. C.<\/a><\/p>\n<p>[\/vc_column_text][\/vc_column_inner][vc_column_inner width=&#8221;1\/3&#8243;][vc_column_text]<\/p>\n<p style=\"text-align: center;\"><a href=\"https:\/\/chihuahuaglobal.org\/es\/\">Chihuahua Economic Development Corporation A.C.<\/a><\/p>\n<p>[\/vc_column_text][\/vc_column_inner][vc_column_inner width=&#8221;1\/3&#8243;][vc_column_text]<\/p>\n<p style=\"text-align: center;\"><a href=\"http:\/\/indexchihuahua.org.mx\/\">Asociaci\u00f3n De Maquiladoras Y exportadoras De Chihuahua A.C<\/a>.<\/p>\n<p>[\/vc_column_text][\/vc_column_inner][\/vc_row_inner][\/vc_column][\/vc_row][vc_row full_width=&#8221;stretch_row_content_no_spaces&#8221; video_bg=&#8221;yes&#8221;][vc_column css_animation=&#8221;fadeInUp&#8221;]<style scoped='scoped'>.mgt-promo-block-42549479864.mgt-promo-block.darken .mgt-promo-block-content {background-color: rgba(0,0,0,0.59)!important;}.mgt-promo-block-42549479864.mgt-promo-block.animated:hover .mgt-promo-block-content {background-color: rgba(0,0,0,0.5)!important;}<\/style><div class=\"mgt-promo-block animated white-text text-size-normal darken mgt-promo-block-42549479864 wpb_content_element\" data-style=\"width: 100%; height: 450px;\"><div class=\"mgt-promo-block-content\"><div class=\"mgt-promo-block-content-inside vc_custom_1638563451274\">\n<h1 style=\"text-align: center\">Logra tus proyectos con nosotros<\/h1>\n<h4 style=\"text-align: center\"><a href=\"https:\/\/abitat.com.mx\/2022\/ventas\/\"><span style=\"color: #b8b8b8\">Cont\u00e1ctanos para mayor informaci\u00f3n<\/span><\/a><\/h4>\n<\/div><\/div><\/div>[\/vc_column][\/vc_row]<\/p>\n","protected":false},"excerpt":{"rendered":"<p>[vc_row full_width=&#8221;stretch_row&#8221; css=&#8221;.vc_custom_1642013588747{padding-top: 30px !important;padding-bottom: 30px !important;background: #aa202d url(https:\/\/abitat.com.mx\/2022\/wp-content\/uploads\/2021\/10\/pixel-grid.png?id=2986) !important;}&#8221;][vc_column css_animation=&#8221;fadeInUp&#8221; css=&#8221;.vc_custom_1642011027287{background-position: 0 0 !important;background-repeat: repeat !important;}&#8221;][vc_column_text el_class=&#8221;textwhite&#8221;] Conoce nuestra esencia Construir un proyecto para el crecimiento de tu negocio&#8230;<\/p>\n","protected":false},"author":5,"featured_media":0,"parent":0,"menu_order":0,"comment_status":"closed","ping_status":"closed","template":"","meta":{"_monsterinsights_skip_tracking":false,"_monsterinsights_sitenote_active":false,"_monsterinsights_sitenote_note":"","_monsterinsights_sitenote_category":0,"footnotes":""},"class_list":["post-6139","page","type-page","status-publish","hentry"],"_links":{"self":[{"href":"https:\/\/abitat.com.mx\/2022\/wp-json\/wp\/v2\/pages\/6139","targetHints":{"allow":["GET"]}}],"collection":[{"href":"https:\/\/abitat.com.mx\/2022\/wp-json\/wp\/v2\/pages"}],"about":[{"href":"https:\/\/abitat.com.mx\/2022\/wp-json\/wp\/v2\/types\/page"}],"author":[{"embeddable":true,"href":"https:\/\/abitat.com.mx\/2022\/wp-json\/wp\/v2\/users\/5"}],"replies":[{"embeddable":true,"href":"https:\/\/abitat.com.mx\/2022\/wp-json\/wp\/v2\/comments?post=6139"}],"version-history":[{"count":1,"href":"https:\/\/abitat.com.mx\/2022\/wp-json\/wp\/v2\/pages\/6139\/revisions"}],"predecessor-version":[{"id":6140,"href":"https:\/\/abitat.com.mx\/2022\/wp-json\/wp\/v2\/pages\/6139\/revisions\/6140"}],"wp:attachment":[{"href":"https:\/\/abitat.com.mx\/2022\/wp-json\/wp\/v2\/media?parent=6139"}],"curies":[{"name":"wp","href":"https:\/\/api.w.org\/{rel}","templated":true}]}}