{"id":3044,"date":"2021-10-13T19:08:32","date_gmt":"2021-10-13T19:08:32","guid":{"rendered":"https:\/\/abitat.com.mx\/2022\/?page_id=3044"},"modified":"2022-03-30T19:00:42","modified_gmt":"2022-03-30T19:00:42","slug":"historia","status":"publish","type":"page","link":"https:\/\/abitat.com.mx\/2022\/historia\/","title":{"rendered":"Historia"},"content":{"rendered":"<p>[vc_row][vc_column]<div class=\"mgt-header-block clearfix text-center text-black wpb_content_element  mgt-header-block-style-1 mgt-header-texttransform-header \"><h2 class=\"mgt-header-block-title\">Historia<\/h2><div class=\"mgt-header-line\"><\/div><\/div>[\/vc_column][\/vc_row][vc_row full_width=&#8221;stretch_row&#8221; equal_height=&#8221;yes&#8221; content_placement=&#8221;middle&#8221; css=&#8221;.vc_custom_1634152665782{margin-right: 0px !important;margin-bottom: 30px !important;margin-left: 0px !important;padding-right: 20px !important;padding-left: 0px !important;}&#8221;][vc_column width=&#8221;1\/2&#8243; css=&#8221;.vc_custom_1634152530290{margin-right: 0px !important;padding-right: 0px !important;padding-left: 0px !important;}&#8221;]<div class=\"mgt-promo-block black-text cover-image text-size-normal no-darken mgt-promo-block-75700987093 wpb_content_element\" data-style=\"background-color: #f1f1f1;background-image: url(https:\/\/abitat.com.mx\/2022\/wp-content\/uploads\/2021\/10\/equipo.png);background-repeat: repeat;width: 100%; height: 678px;\"><div class=\"mgt-promo-block-content\"><div class=\"mgt-promo-block-content-inside vc_custom_1634152415042\"><\/div><\/div><\/div>[\/vc_column][vc_column width=&#8221;1\/2&#8243; css=&#8221;.vc_custom_1634152627428{margin-left: 0px !important;padding-right: 0px !important;}&#8221;][vc_column_text el_class=&#8221;textop&#8221;]Iniciamos nuestras operaciones en 1986 en la Cd. De Chihuahua con la misi\u00f3n de coordinar la construcci\u00f3n especializada de proyectos comerciales e industriales de manera nacional.<\/p>\n<p>Comenzamos con proyectos en el estado de Chihuahua para progresivamente participar con clientes en 21 estados de M\u00e9xico variando el tipo de naves industriales, edificios corporativos, remodelaciones y plazas comerciales.<\/p>\n<p>Con el tiempo creamos relaciones duraderas de trabajo con clientes como Interceramic, Grupo Bocar, Cummins y Prologis que hasta la fecha perduran y somos parte de su historia de \u00e9xito y crecimiento.<\/p>\n<p>En <strong>2016<\/strong> dimos un gran paso a nuestra expansi\u00f3n con la creaci\u00f3n de <strong>SERMEP<\/strong> nuestra empresa hermana, con la cual brindamos la seguridad de que las instalaciones de servicios mec\u00e1nicos, el\u00e9ctricos y de plomer\u00eda est\u00e1n gestionados con la m\u00e1s alta calidad y por profesionales de cada especialidad.[\/vc_column_text][\/vc_column][\/vc_row][vc_row full_width=&#8221;stretch_row&#8221; equal_height=&#8221;yes&#8221; content_placement=&#8221;middle&#8221; css=&#8221;.vc_custom_1634152807983{margin-right: 0px !important;margin-bottom: 30px !important;margin-left: 0px !important;padding-right: 0px !important;padding-left: 20px !important;}&#8221;][vc_column width=&#8221;1\/2&#8243; css=&#8221;.vc_custom_1634152838558{margin-right: 0px !important;padding-left: 0px !important;}&#8221;][vc_column_text el_class=&#8221;textop&#8221;]Hemos logrado realizar construcciones Innovadoras, sustentables y sostenibles a lo largo del pa\u00eds con m\u00e1s de 600 proyectos en estos 35 a\u00f1os para clientes nacionales e internacionales. En este tiempo de operaci\u00f3n ininterrumpida hemos construido m\u00e1s de 6 millones de m2 para proyectos de los sectores:<\/p>\n<ul>\n<li>Automotriz<\/li>\n<li>Aeroespacial<\/li>\n<li>Hospitalario y centros de salud<\/li>\n<li>Dispositivos m\u00e9dicos<\/li>\n<li>Farmac\u00e9utico<\/li>\n<li>Manufactura<\/li>\n<li>Alimentos y bebidas<\/li>\n<li>Corporativo<\/li>\n<li>Log\u00edstico y centros de distribuci\u00f3n<\/li>\n<li>Educativo<\/li>\n<li>Uso mixto y hoteler\u00eda<\/li>\n<li>Transformaci\u00f3n y productos de consumo<\/li>\n<\/ul>\n<p>Nuestro equipo de m\u00e1s de 400 especialistas est\u00e1 listo para asegurar el \u00e9xito de tu proyecto de expansi\u00f3n o nuevas sedes.[\/vc_column_text][vc_row_inner][vc_column_inner][\/vc_column_inner][\/vc_row_inner][\/vc_column][vc_column width=&#8221;1\/2&#8243; css=&#8221;.vc_custom_1634152940820{padding-right: 0px !important;padding-left: 0px !important;}&#8221;]<div class=\"mgt-promo-block black-text cover-image text-size-normal no-darken mgt-promo-block-75700987093 wpb_content_element\" data-style=\"background-color: #f1f1f1;background-image: url(https:\/\/abitat.com.mx\/2022\/wp-content\/uploads\/2021\/10\/equipo2.png);background-repeat: repeat;width: 100%; height: 678px;\"><div class=\"mgt-promo-block-content\"><div class=\"mgt-promo-block-content-inside vc_custom_1634153164793\"><\/div><\/div><\/div>[\/vc_column][\/vc_row][vc_row][vc_column width=&#8221;1\/2&#8243;]<div class=\"mgt-button-wrapper mgt-button-wrapper-align-center mgt-button-wrapper-display-newline mgt-button-top-margin-disable\"><a class=\"btn hvr-bounce-to-right mgt-button mgt-style-solid mgt-size-large mgt-align-center mgt-display-newline mgt-text-size-normal mgt-button-icon-position-left mgt-text-transform-none \" href=\"https:\/\/abitat.com.mx\/2022\/contacto\/\">Construye tu proyecto con nosotros<\/a><\/div>[\/vc_column][vc_column width=&#8221;1\/2&#8243;]<div class=\"mgt-button-wrapper mgt-button-wrapper-align-center mgt-button-wrapper-display-newline mgt-button-top-margin-disable\"><a class=\"btn hvr-bounce-to-right mgt-button mgt-style-solid mgt-size-large mgt-align-center mgt-display-newline mgt-text-size-normal mgt-button-icon-position-left mgt-text-transform-none \" href=\"#\">Conoce nuestras construcciones<\/a><\/div>[\/vc_column][\/vc_row]<\/p>\n","protected":false},"excerpt":{"rendered":"<p>[vc_row][vc_column][\/vc_column][\/vc_row][vc_row full_width=&#8221;stretch_row&#8221; equal_height=&#8221;yes&#8221; content_placement=&#8221;middle&#8221; css=&#8221;.vc_custom_1634152665782{margin-right: 0px !important;margin-bottom: 30px !important;margin-left: 0px !important;padding-right: 20px !important;padding-left: 0px !important;}&#8221;][vc_column width=&#8221;1\/2&#8243; css=&#8221;.vc_custom_1634152530290{margin-right: 0px !important;padding-right: 0px !important;padding-left: 0px !important;}&#8221;][\/vc_column][vc_column width=&#8221;1\/2&#8243; css=&#8221;.vc_custom_1634152627428{margin-left: 0px !important;padding-right: 0px !important;}&#8221;][vc_column_text el_class=&#8221;textop&#8221;]Iniciamos&#8230;<\/p>\n","protected":false},"author":5,"featured_media":0,"parent":0,"menu_order":0,"comment_status":"closed","ping_status":"closed","template":"","meta":{"_monsterinsights_skip_tracking":false,"_monsterinsights_sitenote_active":false,"_monsterinsights_sitenote_note":"","_monsterinsights_sitenote_category":0,"footnotes":""},"class_list":["post-3044","page","type-page","status-publish","hentry"],"_links":{"self":[{"href":"https:\/\/abitat.com.mx\/2022\/wp-json\/wp\/v2\/pages\/3044","targetHints":{"allow":["GET"]}}],"collection":[{"href":"https:\/\/abitat.com.mx\/2022\/wp-json\/wp\/v2\/pages"}],"about":[{"href":"https:\/\/abitat.com.mx\/2022\/wp-json\/wp\/v2\/types\/page"}],"author":[{"embeddable":true,"href":"https:\/\/abitat.com.mx\/2022\/wp-json\/wp\/v2\/users\/5"}],"replies":[{"embeddable":true,"href":"https:\/\/abitat.com.mx\/2022\/wp-json\/wp\/v2\/comments?post=3044"}],"version-history":[{"count":11,"href":"https:\/\/abitat.com.mx\/2022\/wp-json\/wp\/v2\/pages\/3044\/revisions"}],"predecessor-version":[{"id":6485,"href":"https:\/\/abitat.com.mx\/2022\/wp-json\/wp\/v2\/pages\/3044\/revisions\/6485"}],"wp:attachment":[{"href":"https:\/\/abitat.com.mx\/2022\/wp-json\/wp\/v2\/media?parent=3044"}],"curies":[{"name":"wp","href":"https:\/\/api.w.org\/{rel}","templated":true}]}}